{"id":2617,"date":"2024-03-04T09:38:22","date_gmt":"2024-03-04T08:38:22","guid":{"rendered":"https:\/\/www.theearthspharmacy.nl\/?post_type=product&#038;p=2617"},"modified":"2024-03-04T10:16:51","modified_gmt":"2024-03-04T09:16:51","slug":"rivsalt-the-original-navulling","status":"publish","type":"product","link":"https:\/\/www.theearthspharmacy.nl\/en\/product\/rivsalt-the-original-navulling\/","title":{"rendered":"RIVSALT | THE ORIGINAL NAVULLING"},"content":{"rendered":"<p>De Zweedse ondernemer en ontwerper Jens Sandringer heeft Rivsalt ontworpen. Het geraspte zout komt uit de Himalaya. Himalaya steenzout is afkomstig uit het noorden van Pakistan uit het gebied dat de &#8216;zoutketen&#8217; wordt genoemd, niet ver van de Himalaya-bergen.<\/p>\n<p>Een musthave voor foodies!<\/p>","protected":false},"excerpt":{"rendered":"<p><strong>RIVSALT | THE ORIGINAL NAVULLING<\/strong><\/p>\n<p><strong>HIMALAYA-ZOUT\u00a0<\/strong><\/p>\n<p>DE ORIGINELE RIVSALT-NAVULLING wordt geleverd met drie verbazingwekkende Himalaya-zoutrotsen. Himalaya steenzout is afkomstig uit het noorden van Pakistan uit het gebied dat de &#8216;zoutketen&#8217; wordt genoemd, niet ver van de Himalaya-bergen. Het is een natuurlijk steenzout dat is ontstaan toen de prehistorische zee\u00ebn zo&#8217;n 250 miljoen jaar geleden verdampten. Dit was lang voordat de Indische Plaat van het subcontinent naar het noorden trok en tegen Azi\u00eb opbotste en het Himalaya-gebergte cre\u00eberde. De echte zoutrotsen vari\u00ebren in kleur van puur wit tot prachtig lichtroze tot dramatisch dieprood, allemaal afhankelijk van het ijzeroxide-gehalte.<\/p>\n<p><strong>GESCHENK | SAMEN | BELEVING | RITUEEL<\/strong><\/p>","protected":false},"featured_media":2618,"comment_status":"closed","ping_status":"closed","template":"","meta":{"site-sidebar-layout":"default","site-content-layout":"default","ast-site-content-layout":"default","site-content-style":"default","site-sidebar-style":"default","ast-global-header-display":"","ast-banner-title-visibility":"","ast-main-header-display":"","ast-hfb-above-header-display":"","ast-hfb-below-header-display":"","ast-hfb-mobile-header-display":"","site-post-title":"","ast-breadcrumbs-content":"","ast-featured-img":"","footer-sml-layout":"","theme-transparent-header-meta":"default","adv-header-id-meta":"","stick-header-meta":"","header-above-stick-meta":"","header-main-stick-meta":"","header-below-stick-meta":"","astra-migrate-meta-layouts":"set","ast-page-background-enabled":"default","ast-page-background-meta":{"desktop":{"background-color":"var(--ast-global-color-4)","background-image":"","background-repeat":"repeat","background-position":"center center","background-size":"auto","background-attachment":"scroll","background-type":"","background-media":"","overlay-type":"","overlay-color":"","overlay-gradient":""},"tablet":{"background-color":"","background-image":"","background-repeat":"repeat","background-position":"center center","background-size":"auto","background-attachment":"scroll","background-type":"","background-media":"","overlay-type":"","overlay-color":"","overlay-gradient":""},"mobile":{"background-color":"","background-image":"","background-repeat":"repeat","background-position":"center center","background-size":"auto","background-attachment":"scroll","background-type":"","background-media":"","overlay-type":"","overlay-color":"","overlay-gradient":""}},"ast-content-background-meta":{"desktop":{"background-color":"var(--ast-global-color-5)","background-image":"","background-repeat":"repeat","background-position":"center center","background-size":"auto","background-attachment":"scroll","background-type":"","background-media":"","overlay-type":"","overlay-color":"","overlay-gradient":""},"tablet":{"background-color":"var(--ast-global-color-5)","background-image":"","background-repeat":"repeat","background-position":"center center","background-size":"auto","background-attachment":"scroll","background-type":"","background-media":"","overlay-type":"","overlay-color":"","overlay-gradient":""},"mobile":{"background-color":"var(--ast-global-color-5)","background-image":"","background-repeat":"repeat","background-position":"center center","background-size":"auto","background-attachment":"scroll","background-type":"","background-media":"","overlay-type":"","overlay-color":"","overlay-gradient":""}}},"product_brand":[],"product_cat":[380,400,381],"product_tag":[389,391,394,388,383,392,401,402,390,393,386],"class_list":{"0":"post-2617","1":"product","2":"type-product","3":"status-publish","4":"has-post-thumbnail","6":"product_cat-eetbare-kristallen","7":"product_cat-navulling-zout","8":"product_cat-rivsalt","9":"product_tag-beleving","10":"product_tag-eetbaar","11":"product_tag-eetbare-kristallen","12":"product_tag-geschenk","13":"product_tag-himalaya-zout","14":"product_tag-kristallen","15":"product_tag-navul","16":"product_tag-navulling","17":"product_tag-ritueel","18":"product_tag-samen","19":"product_tag-zout","20":"product_shipping_class-postnl","21":"desktop-align-left","22":"tablet-align-left","23":"mobile-align-left","25":"first","26":"instock","27":"taxable","28":"shipping-taxable","29":"purchasable","30":"product-type-simple"},"_links":{"self":[{"href":"https:\/\/www.theearthspharmacy.nl\/en\/wp-json\/wp\/v2\/product\/2617","targetHints":{"allow":["GET"]}}],"collection":[{"href":"https:\/\/www.theearthspharmacy.nl\/en\/wp-json\/wp\/v2\/product"}],"about":[{"href":"https:\/\/www.theearthspharmacy.nl\/en\/wp-json\/wp\/v2\/types\/product"}],"replies":[{"embeddable":true,"href":"https:\/\/www.theearthspharmacy.nl\/en\/wp-json\/wp\/v2\/comments?post=2617"}],"wp:featuredmedia":[{"embeddable":true,"href":"https:\/\/www.theearthspharmacy.nl\/en\/wp-json\/wp\/v2\/media\/2618"}],"wp:attachment":[{"href":"https:\/\/www.theearthspharmacy.nl\/en\/wp-json\/wp\/v2\/media?parent=2617"}],"wp:term":[{"taxonomy":"product_brand","embeddable":true,"href":"https:\/\/www.theearthspharmacy.nl\/en\/wp-json\/wp\/v2\/product_brand?post=2617"},{"taxonomy":"product_cat","embeddable":true,"href":"https:\/\/www.theearthspharmacy.nl\/en\/wp-json\/wp\/v2\/product_cat?post=2617"},{"taxonomy":"product_tag","embeddable":true,"href":"https:\/\/www.theearthspharmacy.nl\/en\/wp-json\/wp\/v2\/product_tag?post=2617"}],"curies":[{"name":"wp","href":"https:\/\/api.w.org\/{rel}","templated":true}]}}